{"id":17,"date":"2021-09-15T11:16:43","date_gmt":"2021-09-15T09:16:43","guid":{"rendered":"http:\/\/guillaume-ortega.com\/?page_id=17"},"modified":"2021-11-09T14:49:45","modified_gmt":"2021-11-09T13:49:45","slug":"accueil","status":"publish","type":"page","link":"https:\/\/guillaume-ortega.com\/","title":{"rendered":""},"content":{"rendered":"\n<p><strong>Bienvenue sur le site de Guillaume Ortega, Sophrologue \u00e0 Marseille form\u00e9 \u00e0 l&rsquo;Acad\u00e9mie de Sophrologie de Paris, titulaire du titre RNCP.<\/strong><\/p>\n\n\n\n<p><\/p>\n","protected":false},"excerpt":{"rendered":"<p>Bienvenue sur le site de Guillaume Ortega, Sophrologue \u00e0 Marseille form\u00e9 \u00e0 l&rsquo;Acad\u00e9mie de Sophrologie de Paris, titulaire du titre RNCP.<\/p>\n","protected":false},"author":1,"featured_media":0,"parent":0,"menu_order":0,"comment_status":"closed","ping_status":"closed","template":"","meta":{"footnotes":""},"class_list":["post-17","page","type-page","status-publish","hentry"],"_links":{"self":[{"href":"https:\/\/guillaume-ortega.com\/index.php\/wp-json\/wp\/v2\/pages\/17","targetHints":{"allow":["GET"]}}],"collection":[{"href":"https:\/\/guillaume-ortega.com\/index.php\/wp-json\/wp\/v2\/pages"}],"about":[{"href":"https:\/\/guillaume-ortega.com\/index.php\/wp-json\/wp\/v2\/types\/page"}],"author":[{"embeddable":true,"href":"https:\/\/guillaume-ortega.com\/index.php\/wp-json\/wp\/v2\/users\/1"}],"replies":[{"embeddable":true,"href":"https:\/\/guillaume-ortega.com\/index.php\/wp-json\/wp\/v2\/comments?post=17"}],"version-history":[{"count":5,"href":"https:\/\/guillaume-ortega.com\/index.php\/wp-json\/wp\/v2\/pages\/17\/revisions"}],"predecessor-version":[{"id":118,"href":"https:\/\/guillaume-ortega.com\/index.php\/wp-json\/wp\/v2\/pages\/17\/revisions\/118"}],"wp:attachment":[{"href":"https:\/\/guillaume-ortega.com\/index.php\/wp-json\/wp\/v2\/media?parent=17"}],"curies":[{"name":"wp","href":"https:\/\/api.w.org\/{rel}","templated":true}]}}